{"id":1863,"date":"2023-09-21T09:50:47","date_gmt":"2023-09-21T09:50:47","guid":{"rendered":"https:\/\/formularios.abogado-zaragoza.com\/?post_type=product&#038;p=1863"},"modified":"2023-11-05T09:52:43","modified_gmt":"2023-11-05T09:52:43","slug":"carta-comunicando-la-resolucion-del-alquiler-por-necesidad-de-ocupacion","status":"publish","type":"product","link":"https:\/\/formularios.abogado-zaragoza.com\/?product=carta-comunicando-la-resolucion-del-alquiler-por-necesidad-de-ocupacion","title":{"rendered":"Carta comunicando la resoluci\u00f3n del alquiler por necesidad de ocupaci\u00f3n"},"content":{"rendered":"","protected":false},"excerpt":{"rendered":"<p>Comunicaci\u00f3n del arrendador al arrendatario de vivienda de la necesidad de ocupaci\u00f3n de la misma, requiri\u00e9ndole en el plazo y acorde con lo regulado en el art\u00edculo 9 de la Ley de Arrendamientos Urbanos (Ley 29\/1994):<\/p>\n<blockquote>\n<p class=\"parrafo\">Una vez transcurrido el primer a\u00f1o de duraci\u00f3n del contrato y siempre que el arrendador sea persona f\u00edsica, no proceder\u00e1 la pr\u00f3rroga obligatoria del contrato cuando, al tiempo de su celebraci\u00f3n, se hubiese hecho constar en el mismo, de forma expresa, la necesidad para el arrendador de ocupar la vivienda arrendada antes del transcurso de cinco a\u00f1os para destinarla a vivienda permanente para s\u00ed o sus familiares en primer grado de consanguinidad o por adopci\u00f3n o para su c\u00f3nyuge en los supuestos de sentencia firme de separaci\u00f3n, divorcio o nulidad matrimonial.<\/p>\n<p class=\"parrafo\">Para ejercer esta potestad de recuperar la vivienda, el arrendador deber\u00e1 comunicar al arrendatario que tiene necesidad de la vivienda arrendada, especificando la causa o causas entre las previstas en el p\u00e1rrafo anterior, al menos con dos meses de antelaci\u00f3n a la fecha en la que la vivienda se vaya a necesitar y el arrendatario estar\u00e1 obligado a entregar la finca arrendada en dicho plazo si las partes no llegan a un acuerdo distinto.<\/p>\n<\/blockquote>\n","protected":false},"featured_media":1865,"comment_status":"open","ping_status":"closed","template":"","meta":{"om_disable_all_campaigns":false,"_monsterinsights_skip_tracking":false,"_monsterinsights_sitenote_active":false,"_monsterinsights_sitenote_note":"","_monsterinsights_sitenote_category":0,"_uf_show_specific_survey":0,"_uf_disable_surveys":false,"ocean_post_layout":"","ocean_both_sidebars_style":"","ocean_both_sidebars_content_width":0,"ocean_both_sidebars_sidebars_width":0,"ocean_sidebar":"0","ocean_second_sidebar":"0","ocean_disable_margins":"enable","ocean_add_body_class":"","ocean_shortcode_before_top_bar":"","ocean_shortcode_after_top_bar":"","ocean_shortcode_before_header":"","ocean_shortcode_after_header":"","ocean_has_shortcode":"","ocean_shortcode_after_title":"","ocean_shortcode_before_footer_widgets":"","ocean_shortcode_after_footer_widgets":"","ocean_shortcode_before_footer_bottom":"","ocean_shortcode_after_footer_bottom":"","ocean_display_top_bar":"default","ocean_display_header":"default","ocean_header_style":"","ocean_center_header_left_menu":"0","ocean_custom_header_template":"0","ocean_custom_logo":0,"ocean_custom_retina_logo":0,"ocean_custom_logo_max_width":0,"ocean_custom_logo_tablet_max_width":0,"ocean_custom_logo_mobile_max_width":0,"ocean_custom_logo_max_height":0,"ocean_custom_logo_tablet_max_height":0,"ocean_custom_logo_mobile_max_height":0,"ocean_header_custom_menu":"0","ocean_menu_typo_font_family":"0","ocean_menu_typo_font_subset":"","ocean_menu_typo_font_size":0,"ocean_menu_typo_font_size_tablet":0,"ocean_menu_typo_font_size_mobile":0,"ocean_menu_typo_font_size_unit":"px","ocean_menu_typo_font_weight":"","ocean_menu_typo_font_weight_tablet":"","ocean_menu_typo_font_weight_mobile":"","ocean_menu_typo_transform":"","ocean_menu_typo_transform_tablet":"","ocean_menu_typo_transform_mobile":"","ocean_menu_typo_line_height":0,"ocean_menu_typo_line_height_tablet":0,"ocean_menu_typo_line_height_mobile":0,"ocean_menu_typo_line_height_unit":"","ocean_menu_typo_spacing":0,"ocean_menu_typo_spacing_tablet":0,"ocean_menu_typo_spacing_mobile":0,"ocean_menu_typo_spacing_unit":"","ocean_menu_link_color":"","ocean_menu_link_color_hover":"","ocean_menu_link_color_active":"","ocean_menu_link_background":"","ocean_menu_link_hover_background":"","ocean_menu_link_active_background":"","ocean_menu_social_links_bg":"","ocean_menu_social_hover_links_bg":"","ocean_menu_social_links_color":"","ocean_menu_social_hover_links_color":"","ocean_disable_title":"default","ocean_disable_heading":"default","ocean_post_title":"","ocean_post_subheading":"","ocean_post_title_style":"","ocean_post_title_background_color":"","ocean_post_title_background":0,"ocean_post_title_bg_image_position":"","ocean_post_title_bg_image_attachment":"","ocean_post_title_bg_image_repeat":"","ocean_post_title_bg_image_size":"","ocean_post_title_height":0,"ocean_post_title_bg_overlay":0.5,"ocean_post_title_bg_overlay_color":"","ocean_disable_breadcrumbs":"default","ocean_breadcrumbs_color":"","ocean_breadcrumbs_separator_color":"","ocean_breadcrumbs_links_color":"","ocean_breadcrumbs_links_hover_color":"","ocean_display_footer_widgets":"default","ocean_display_footer_bottom":"default","ocean_custom_footer_template":"0","jetpack_publicize_message":"","jetpack_publicize_feature_enabled":true,"jetpack_social_post_already_shared":false,"jetpack_social_options":{"image_generator_settings":{"template":"highway","default_image_id":0,"font":"","enabled":false},"version":2}},"product_brand":[],"product_cat":[136,166,109,133],"product_tag":[125],"class_list":{"0":"post-1863","1":"product","2":"type-product","3":"status-publish","4":"has-post-thumbnail","6":"product_cat-arrendamientos-documentos-legales","7":"product_cat-arrendamientos-urbanos","8":"product_cat-documentos-legales","9":"product_cat-arrendamientos","10":"product_tag-arrendamiento","12":"entry","13":"has-media","15":"first","16":"instock","17":"downloadable","18":"virtual","19":"taxable","20":"purchasable","21":"product-type-simple","22":"has-product-nav","23":"col","24":"span_1_of_3","25":"owp-content-center","26":"owp-thumbs-layout-horizontal","27":"owp-btn-normal","28":"owp-tabs-layout-horizontal","29":"has-no-thumbnails"},"aioseo_notices":[],"jetpack_publicize_connections":[],"jetpack_sharing_enabled":true,"jetpack_likes_enabled":false,"_links":{"self":[{"href":"https:\/\/formularios.abogado-zaragoza.com\/index.php?rest_route=\/wp\/v2\/product\/1863","targetHints":{"allow":["GET"]}}],"collection":[{"href":"https:\/\/formularios.abogado-zaragoza.com\/index.php?rest_route=\/wp\/v2\/product"}],"about":[{"href":"https:\/\/formularios.abogado-zaragoza.com\/index.php?rest_route=\/wp\/v2\/types\/product"}],"replies":[{"embeddable":true,"href":"https:\/\/formularios.abogado-zaragoza.com\/index.php?rest_route=%2Fwp%2Fv2%2Fcomments&post=1863"}],"wp:featuredmedia":[{"embeddable":true,"href":"https:\/\/formularios.abogado-zaragoza.com\/index.php?rest_route=\/wp\/v2\/media\/1865"}],"wp:attachment":[{"href":"https:\/\/formularios.abogado-zaragoza.com\/index.php?rest_route=%2Fwp%2Fv2%2Fmedia&parent=1863"}],"wp:term":[{"taxonomy":"product_brand","embeddable":true,"href":"https:\/\/formularios.abogado-zaragoza.com\/index.php?rest_route=%2Fwp%2Fv2%2Fproduct_brand&post=1863"},{"taxonomy":"product_cat","embeddable":true,"href":"https:\/\/formularios.abogado-zaragoza.com\/index.php?rest_route=%2Fwp%2Fv2%2Fproduct_cat&post=1863"},{"taxonomy":"product_tag","embeddable":true,"href":"https:\/\/formularios.abogado-zaragoza.com\/index.php?rest_route=%2Fwp%2Fv2%2Fproduct_tag&post=1863"}],"curies":[{"name":"wp","href":"https:\/\/api.w.org\/{rel}","templated":true}]}}