{"id":2041,"date":"2023-09-23T09:21:35","date_gmt":"2023-09-23T09:21:35","guid":{"rendered":"https:\/\/formularios.abogado-zaragoza.com\/?post_type=product&#038;p=2041"},"modified":"2023-11-05T09:35:23","modified_gmt":"2023-11-05T09:35:23","slug":"contrato-de-sociedad-civil","status":"publish","type":"product","link":"https:\/\/formularios.abogado-zaragoza.com\/?product=contrato-de-sociedad-civil","title":{"rendered":"Contrato de Sociedad Civil"},"content":{"rendered":"<p class=\"p1\">Documento en formato Microsoft Word listo para su descarga y edici\u00f3n<\/p>\n","protected":false},"excerpt":{"rendered":"<p class=\"p1\"><i>En <\/i><i>el <\/i><i>C\u00f3digo <\/i><i>Civil <\/i><i>se <\/i><i>define <\/i><i>la <\/i><i>sociedad <\/i><i>civil, <\/i><i>en <\/i><i>su <\/i><i>art\u00edculo <\/i><i>1665 <\/i><i>como: <\/i><i>\u201cLa <\/i><i>sociedad <\/i><i>es <\/i><i>un <\/i><i>contrato <\/i><i>por <\/i><i>el <\/i><i>cual <\/i><i>dos <\/i><i>o <\/i><i>m\u00e1s <\/i><i>personas <\/i><i>se <\/i><i>obligan <\/i><i>a <\/i><i>poner <\/i><i>en <\/i><i>com\u00fan <\/i><i>dinero, <\/i><i>bienes <\/i><i>o <\/i><i>industria, <\/i><i>con <\/i><i>\u00e1nimo <\/i><i>de <\/i><i>partir <\/i><i>entre <\/i><i>s\u00ed <\/i><i>las <\/i><i>ganancias.\u201d<\/i><\/p>\n<p>As\u00ed se articula en este modelo, en el que se regulan los derechos y obligaciones de los socios, la administraci\u00f3n de la sociedad, el r\u00e9gimen de distribuci\u00f3n de ingresos y gastos y otras cosas m\u00e1s.<\/p>\n","protected":false},"featured_media":2043,"comment_status":"open","ping_status":"closed","template":"","meta":{"om_disable_all_campaigns":false,"_monsterinsights_skip_tracking":false,"_monsterinsights_sitenote_active":false,"_monsterinsights_sitenote_note":"","_monsterinsights_sitenote_category":0,"_uf_show_specific_survey":0,"_uf_disable_surveys":false,"ocean_post_layout":"","ocean_both_sidebars_style":"","ocean_both_sidebars_content_width":0,"ocean_both_sidebars_sidebars_width":0,"ocean_sidebar":"0","ocean_second_sidebar":"0","ocean_disable_margins":"enable","ocean_add_body_class":"","ocean_shortcode_before_top_bar":"","ocean_shortcode_after_top_bar":"","ocean_shortcode_before_header":"","ocean_shortcode_after_header":"","ocean_has_shortcode":"","ocean_shortcode_after_title":"","ocean_shortcode_before_footer_widgets":"","ocean_shortcode_after_footer_widgets":"","ocean_shortcode_before_footer_bottom":"","ocean_shortcode_after_footer_bottom":"","ocean_display_top_bar":"default","ocean_display_header":"default","ocean_header_style":"","ocean_center_header_left_menu":"0","ocean_custom_header_template":"0","ocean_custom_logo":0,"ocean_custom_retina_logo":0,"ocean_custom_logo_max_width":0,"ocean_custom_logo_tablet_max_width":0,"ocean_custom_logo_mobile_max_width":0,"ocean_custom_logo_max_height":0,"ocean_custom_logo_tablet_max_height":0,"ocean_custom_logo_mobile_max_height":0,"ocean_header_custom_menu":"0","ocean_menu_typo_font_family":"0","ocean_menu_typo_font_subset":"","ocean_menu_typo_font_size":0,"ocean_menu_typo_font_size_tablet":0,"ocean_menu_typo_font_size_mobile":0,"ocean_menu_typo_font_size_unit":"px","ocean_menu_typo_font_weight":"","ocean_menu_typo_font_weight_tablet":"","ocean_menu_typo_font_weight_mobile":"","ocean_menu_typo_transform":"","ocean_menu_typo_transform_tablet":"","ocean_menu_typo_transform_mobile":"","ocean_menu_typo_line_height":0,"ocean_menu_typo_line_height_tablet":0,"ocean_menu_typo_line_height_mobile":0,"ocean_menu_typo_line_height_unit":"","ocean_menu_typo_spacing":0,"ocean_menu_typo_spacing_tablet":0,"ocean_menu_typo_spacing_mobile":0,"ocean_menu_typo_spacing_unit":"","ocean_menu_link_color":"","ocean_menu_link_color_hover":"","ocean_menu_link_color_active":"","ocean_menu_link_background":"","ocean_menu_link_hover_background":"","ocean_menu_link_active_background":"","ocean_menu_social_links_bg":"","ocean_menu_social_hover_links_bg":"","ocean_menu_social_links_color":"","ocean_menu_social_hover_links_color":"","ocean_disable_title":"default","ocean_disable_heading":"default","ocean_post_title":"","ocean_post_subheading":"","ocean_post_title_style":"","ocean_post_title_background_color":"","ocean_post_title_background":0,"ocean_post_title_bg_image_position":"","ocean_post_title_bg_image_attachment":"","ocean_post_title_bg_image_repeat":"","ocean_post_title_bg_image_size":"","ocean_post_title_height":0,"ocean_post_title_bg_overlay":0.5,"ocean_post_title_bg_overlay_color":"","ocean_disable_breadcrumbs":"default","ocean_breadcrumbs_color":"","ocean_breadcrumbs_separator_color":"","ocean_breadcrumbs_links_color":"","ocean_breadcrumbs_links_hover_color":"","ocean_display_footer_widgets":"default","ocean_display_footer_bottom":"default","ocean_custom_footer_template":"0","jetpack_publicize_message":"","jetpack_publicize_feature_enabled":true,"jetpack_social_post_already_shared":false,"jetpack_social_options":{"image_generator_settings":{"template":"highway","default_image_id":0,"font":"","enabled":false},"version":2}},"product_brand":[],"product_cat":[112,180,113],"product_tag":[],"class_list":{"0":"post-2041","1":"product","2":"type-product","3":"status-publish","4":"has-post-thumbnail","6":"product_cat-contratos","7":"product_cat-contratos-asiciativos","8":"product_cat-contratos-civiles","10":"entry","11":"has-media","13":"first","14":"instock","15":"downloadable","16":"virtual","17":"taxable","18":"purchasable","19":"product-type-simple","20":"has-product-nav","21":"col","22":"span_1_of_3","23":"owp-content-center","24":"owp-thumbs-layout-horizontal","25":"owp-btn-normal","26":"owp-tabs-layout-horizontal","27":"has-no-thumbnails"},"aioseo_notices":[],"jetpack_publicize_connections":[],"jetpack_sharing_enabled":true,"jetpack_likes_enabled":false,"_links":{"self":[{"href":"https:\/\/formularios.abogado-zaragoza.com\/index.php?rest_route=\/wp\/v2\/product\/2041","targetHints":{"allow":["GET"]}}],"collection":[{"href":"https:\/\/formularios.abogado-zaragoza.com\/index.php?rest_route=\/wp\/v2\/product"}],"about":[{"href":"https:\/\/formularios.abogado-zaragoza.com\/index.php?rest_route=\/wp\/v2\/types\/product"}],"replies":[{"embeddable":true,"href":"https:\/\/formularios.abogado-zaragoza.com\/index.php?rest_route=%2Fwp%2Fv2%2Fcomments&post=2041"}],"wp:featuredmedia":[{"embeddable":true,"href":"https:\/\/formularios.abogado-zaragoza.com\/index.php?rest_route=\/wp\/v2\/media\/2043"}],"wp:attachment":[{"href":"https:\/\/formularios.abogado-zaragoza.com\/index.php?rest_route=%2Fwp%2Fv2%2Fmedia&parent=2041"}],"wp:term":[{"taxonomy":"product_brand","embeddable":true,"href":"https:\/\/formularios.abogado-zaragoza.com\/index.php?rest_route=%2Fwp%2Fv2%2Fproduct_brand&post=2041"},{"taxonomy":"product_cat","embeddable":true,"href":"https:\/\/formularios.abogado-zaragoza.com\/index.php?rest_route=%2Fwp%2Fv2%2Fproduct_cat&post=2041"},{"taxonomy":"product_tag","embeddable":true,"href":"https:\/\/formularios.abogado-zaragoza.com\/index.php?rest_route=%2Fwp%2Fv2%2Fproduct_tag&post=2041"}],"curies":[{"name":"wp","href":"https:\/\/api.w.org\/{rel}","templated":true}]}}