{"id":2168,"date":"2023-09-29T07:44:30","date_gmt":"2023-09-29T07:44:30","guid":{"rendered":"https:\/\/formularios.abogado-zaragoza.com\/?post_type=product&#038;p=2168"},"modified":"2023-11-05T09:10:04","modified_gmt":"2023-11-05T09:10:04","slug":"escrito-de-suspension-con-solicitud-de-dispensa-total-de-garantias","status":"publish","type":"product","link":"https:\/\/formularios.abogado-zaragoza.com\/?product=escrito-de-suspension-con-solicitud-de-dispensa-total-de-garantias","title":{"rendered":"Escrito de suspensi\u00f3n con solicitud de dispensa total de garant\u00edas"},"content":{"rendered":"<p class=\"p1\">Documento en formato Microsoft Word listo para su descarga y edici\u00f3n<\/p>\n","protected":false},"excerpt":{"rendered":"<p class=\"p1\">Escrito en un Procedimiento Econ\u00f3mico Administrativo por el que se solicita la suspensi\u00f3n en la ejecuci\u00f3n del acuerdo impugnado con dispensa total de garant\u00eda. La normativa exige no s\u00f3lo acreditar la situaci\u00f3n patrimonial de la parte solicitante, sino tambi\u00e9n que se concreten y acrediten los perjuicios que la ejecuci\u00f3n del acto producir\u00eda<\/p>\n<blockquote>\n<p class=\"p1\"><strong>art. 46.2 del Real Decreto 520\/2005, de 13 de mayo<\/strong>: \u00ab<span class=\"vcitation\">Si la deuda se encontrara en periodo voluntario en el momento de formular la solicitud de suspensi\u00f3n, la presentaci\u00f3n de esta \u00faltima basada en que la ejecuci\u00f3n del acto podr\u00eda causar perjuicios de imposible o dif\u00edcil reparaci\u00f3n o en la existencia de error material, aritm\u00e9tico o de hecho, incorporando la documentaci\u00f3n a que se refieren, seg\u00fan el caso de que se trate, los p\u00e1rrafos c) y d) del art\u00edculo 40.2, suspender\u00e1 cautelarmente el procedimiento de recaudaci\u00f3n mientras el tribunal econ\u00f3mico-administrativo decida sobre la admisi\u00f3n o no a tr\u00e1mite de la solicitud de suspensi\u00f3n, salvo que concurra la circunstancia a la que se refiere el\u00a0<a class=\"vcitation__link\" href=\"https:\/\/go.vlex.com\/vid\/196376\/node\/161.2.2?fbt=webapp_preview&amp;addon_version=6.7\" target=\"_blank\" rel=\"noopener\" data-vids=\"196376\" data-key-node=\"161.2.2\">p\u00e1rrafo segundo<\/a>\u00a0del art\u00edculo\u00a0<a class=\"vcitation__link\" href=\"https:\/\/go.vlex.com\/vid\/196376\/node\/161.2?fbt=webapp_preview&amp;addon_version=6.7\" target=\"_blank\" rel=\"noopener\" data-vids=\"196376\" data-key-node=\"161.2\">161.2<\/a>\u00a0de la\u00a0<a class=\"vcitation__link\" href=\"https:\/\/go.vlex.com\/vid\/196376?fbt=webapp_preview&amp;addon_version=6.7\" target=\"_blank\" rel=\"noopener\" data-vids=\"196376\">Ley 58\/2003, de 17 de diciembre<\/a>.<\/span><\/p>\n<\/blockquote>\n<p class=\"parrafo\">Si la deuda se encontrara en periodo ejecutivo, la solicitud de suspensi\u00f3n no impedir\u00e1 la continuaci\u00f3n de las actuaciones de la Administraci\u00f3n, sin perjuicio de que proceda la anulaci\u00f3n de las efectuadas con posterioridad a la fecha de la solicitud si la suspensi\u00f3n fuese concedida finalmente.\u00bb<\/p>\n","protected":false},"featured_media":2170,"comment_status":"open","ping_status":"closed","template":"","meta":{"om_disable_all_campaigns":false,"_monsterinsights_skip_tracking":false,"_monsterinsights_sitenote_active":false,"_monsterinsights_sitenote_note":"","_monsterinsights_sitenote_category":0,"_uf_show_specific_survey":0,"_uf_disable_surveys":false,"ocean_post_layout":"","ocean_both_sidebars_style":"","ocean_both_sidebars_content_width":0,"ocean_both_sidebars_sidebars_width":0,"ocean_sidebar":"0","ocean_second_sidebar":"0","ocean_disable_margins":"enable","ocean_add_body_class":"","ocean_shortcode_before_top_bar":"","ocean_shortcode_after_top_bar":"","ocean_shortcode_before_header":"","ocean_shortcode_after_header":"","ocean_has_shortcode":"","ocean_shortcode_after_title":"","ocean_shortcode_before_footer_widgets":"","ocean_shortcode_after_footer_widgets":"","ocean_shortcode_before_footer_bottom":"","ocean_shortcode_after_footer_bottom":"","ocean_display_top_bar":"default","ocean_display_header":"default","ocean_header_style":"","ocean_center_header_left_menu":"0","ocean_custom_header_template":"0","ocean_custom_logo":0,"ocean_custom_retina_logo":0,"ocean_custom_logo_max_width":0,"ocean_custom_logo_tablet_max_width":0,"ocean_custom_logo_mobile_max_width":0,"ocean_custom_logo_max_height":0,"ocean_custom_logo_tablet_max_height":0,"ocean_custom_logo_mobile_max_height":0,"ocean_header_custom_menu":"0","ocean_menu_typo_font_family":"0","ocean_menu_typo_font_subset":"","ocean_menu_typo_font_size":0,"ocean_menu_typo_font_size_tablet":0,"ocean_menu_typo_font_size_mobile":0,"ocean_menu_typo_font_size_unit":"px","ocean_menu_typo_font_weight":"","ocean_menu_typo_font_weight_tablet":"","ocean_menu_typo_font_weight_mobile":"","ocean_menu_typo_transform":"","ocean_menu_typo_transform_tablet":"","ocean_menu_typo_transform_mobile":"","ocean_menu_typo_line_height":0,"ocean_menu_typo_line_height_tablet":0,"ocean_menu_typo_line_height_mobile":0,"ocean_menu_typo_line_height_unit":"","ocean_menu_typo_spacing":0,"ocean_menu_typo_spacing_tablet":0,"ocean_menu_typo_spacing_mobile":0,"ocean_menu_typo_spacing_unit":"","ocean_menu_link_color":"","ocean_menu_link_color_hover":"","ocean_menu_link_color_active":"","ocean_menu_link_background":"","ocean_menu_link_hover_background":"","ocean_menu_link_active_background":"","ocean_menu_social_links_bg":"","ocean_menu_social_hover_links_bg":"","ocean_menu_social_links_color":"","ocean_menu_social_hover_links_color":"","ocean_disable_title":"default","ocean_disable_heading":"default","ocean_post_title":"","ocean_post_subheading":"","ocean_post_title_style":"","ocean_post_title_background_color":"","ocean_post_title_background":0,"ocean_post_title_bg_image_position":"","ocean_post_title_bg_image_attachment":"","ocean_post_title_bg_image_repeat":"","ocean_post_title_bg_image_size":"","ocean_post_title_height":0,"ocean_post_title_bg_overlay":0.5,"ocean_post_title_bg_overlay_color":"","ocean_disable_breadcrumbs":"default","ocean_breadcrumbs_color":"","ocean_breadcrumbs_separator_color":"","ocean_breadcrumbs_links_color":"","ocean_breadcrumbs_links_hover_color":"","ocean_display_footer_widgets":"default","ocean_display_footer_bottom":"default","ocean_custom_footer_template":"0","jetpack_publicize_message":"","jetpack_publicize_feature_enabled":true,"jetpack_social_post_already_shared":false,"jetpack_social_options":{"image_generator_settings":{"template":"highway","default_image_id":0,"font":"","enabled":false},"version":2}},"product_brand":[],"product_cat":[157,105,107],"product_tag":[],"class_list":{"0":"post-2168","1":"product","2":"type-product","3":"status-publish","4":"has-post-thumbnail","6":"product_cat-economico-administrativo","7":"product_cat-formularios","8":"product_cat-procesal-administrativo","10":"entry","11":"has-media","13":"first","14":"instock","15":"downloadable","16":"virtual","17":"taxable","18":"purchasable","19":"product-type-simple","20":"has-product-nav","21":"col","22":"span_1_of_3","23":"owp-content-center","24":"owp-thumbs-layout-horizontal","25":"owp-btn-normal","26":"owp-tabs-layout-horizontal","27":"has-no-thumbnails"},"aioseo_notices":[],"jetpack_publicize_connections":[],"jetpack_sharing_enabled":true,"jetpack_likes_enabled":false,"_links":{"self":[{"href":"https:\/\/formularios.abogado-zaragoza.com\/index.php?rest_route=\/wp\/v2\/product\/2168","targetHints":{"allow":["GET"]}}],"collection":[{"href":"https:\/\/formularios.abogado-zaragoza.com\/index.php?rest_route=\/wp\/v2\/product"}],"about":[{"href":"https:\/\/formularios.abogado-zaragoza.com\/index.php?rest_route=\/wp\/v2\/types\/product"}],"replies":[{"embeddable":true,"href":"https:\/\/formularios.abogado-zaragoza.com\/index.php?rest_route=%2Fwp%2Fv2%2Fcomments&post=2168"}],"wp:featuredmedia":[{"embeddable":true,"href":"https:\/\/formularios.abogado-zaragoza.com\/index.php?rest_route=\/wp\/v2\/media\/2170"}],"wp:attachment":[{"href":"https:\/\/formularios.abogado-zaragoza.com\/index.php?rest_route=%2Fwp%2Fv2%2Fmedia&parent=2168"}],"wp:term":[{"taxonomy":"product_brand","embeddable":true,"href":"https:\/\/formularios.abogado-zaragoza.com\/index.php?rest_route=%2Fwp%2Fv2%2Fproduct_brand&post=2168"},{"taxonomy":"product_cat","embeddable":true,"href":"https:\/\/formularios.abogado-zaragoza.com\/index.php?rest_route=%2Fwp%2Fv2%2Fproduct_cat&post=2168"},{"taxonomy":"product_tag","embeddable":true,"href":"https:\/\/formularios.abogado-zaragoza.com\/index.php?rest_route=%2Fwp%2Fv2%2Fproduct_tag&post=2168"}],"curies":[{"name":"wp","href":"https:\/\/api.w.org\/{rel}","templated":true}]}}