{"id":2380,"date":"2024-02-05T11:00:02","date_gmt":"2024-02-05T11:00:02","guid":{"rendered":"https:\/\/formularios.abogado-zaragoza.com\/?post_type=product&#038;p=2380"},"modified":"2024-02-05T11:05:22","modified_gmt":"2024-02-05T11:05:22","slug":"demanda-de-juicio-verbal-en-reclamacion-de-rentas-adeudadas","status":"publish","type":"product","link":"https:\/\/formularios.abogado-zaragoza.com\/?product=demanda-de-juicio-verbal-en-reclamacion-de-rentas-adeudadas","title":{"rendered":"DEMANDA DE JUICIO VERBAL EN RECLAMACIO\u0301N DE RENTAS ADEUDADAS"},"content":{"rendered":"<p>Documento en formato Microsoft Word listo para su descarga y edici\u00f3n<\/p>\n","protected":false},"excerpt":{"rendered":"<p>Modelo de demanda de Juicio Verbal en la que, sin interesar el desahucio, se reclaman las rentas adeudadas hasta la fecha de la reclamaci\u00f3n as\u00ed como las futuras no atendidas que se vayan devengando durante la tramitaci\u00f3n del procedimiento.<\/p>\n<p>En esta demanda, la legitimaci\u00f3n activa la ejercita la viuda de quien en el contrato original de arrendamiento figura como arrendador, al haber \u00e9ste ya fallecido sin testamento y no haberse a\u00fan otorgado escritura de declaraci\u00f3n de herederos ni aceptaci\u00f3n de la herencia, justific\u00e1ndose dicha legitimaci\u00f3n sobre la base de actuar la viuda en beneficio de la comunidad hereditaria y por ostentar, conforme a la legislaci\u00f3n foral aragonesa aplicable, el derecho de usufructo viudal desde la fecha del fallecimiento de su esposo.<\/p>\n","protected":false},"featured_media":2382,"comment_status":"open","ping_status":"closed","template":"","meta":{"om_disable_all_campaigns":false,"_monsterinsights_skip_tracking":false,"_monsterinsights_sitenote_active":false,"_monsterinsights_sitenote_note":"","_monsterinsights_sitenote_category":0,"_uf_show_specific_survey":0,"_uf_disable_surveys":false,"ocean_post_layout":"","ocean_both_sidebars_style":"","ocean_both_sidebars_content_width":0,"ocean_both_sidebars_sidebars_width":0,"ocean_sidebar":"0","ocean_second_sidebar":"0","ocean_disable_margins":"enable","ocean_add_body_class":"","ocean_shortcode_before_top_bar":"","ocean_shortcode_after_top_bar":"","ocean_shortcode_before_header":"","ocean_shortcode_after_header":"","ocean_has_shortcode":"","ocean_shortcode_after_title":"","ocean_shortcode_before_footer_widgets":"","ocean_shortcode_after_footer_widgets":"","ocean_shortcode_before_footer_bottom":"","ocean_shortcode_after_footer_bottom":"","ocean_display_top_bar":"default","ocean_display_header":"default","ocean_header_style":"","ocean_center_header_left_menu":"0","ocean_custom_header_template":"0","ocean_custom_logo":0,"ocean_custom_retina_logo":0,"ocean_custom_logo_max_width":0,"ocean_custom_logo_tablet_max_width":0,"ocean_custom_logo_mobile_max_width":0,"ocean_custom_logo_max_height":0,"ocean_custom_logo_tablet_max_height":0,"ocean_custom_logo_mobile_max_height":0,"ocean_header_custom_menu":"0","ocean_menu_typo_font_family":"0","ocean_menu_typo_font_subset":"","ocean_menu_typo_font_size":0,"ocean_menu_typo_font_size_tablet":0,"ocean_menu_typo_font_size_mobile":0,"ocean_menu_typo_font_size_unit":"px","ocean_menu_typo_font_weight":"","ocean_menu_typo_font_weight_tablet":"","ocean_menu_typo_font_weight_mobile":"","ocean_menu_typo_transform":"","ocean_menu_typo_transform_tablet":"","ocean_menu_typo_transform_mobile":"","ocean_menu_typo_line_height":0,"ocean_menu_typo_line_height_tablet":0,"ocean_menu_typo_line_height_mobile":0,"ocean_menu_typo_line_height_unit":"","ocean_menu_typo_spacing":0,"ocean_menu_typo_spacing_tablet":0,"ocean_menu_typo_spacing_mobile":0,"ocean_menu_typo_spacing_unit":"","ocean_menu_link_color":"","ocean_menu_link_color_hover":"","ocean_menu_link_color_active":"","ocean_menu_link_background":"","ocean_menu_link_hover_background":"","ocean_menu_link_active_background":"","ocean_menu_social_links_bg":"","ocean_menu_social_hover_links_bg":"","ocean_menu_social_links_color":"","ocean_menu_social_hover_links_color":"","ocean_disable_title":"default","ocean_disable_heading":"default","ocean_post_title":"","ocean_post_subheading":"","ocean_post_title_style":"","ocean_post_title_background_color":"","ocean_post_title_background":0,"ocean_post_title_bg_image_position":"","ocean_post_title_bg_image_attachment":"","ocean_post_title_bg_image_repeat":"","ocean_post_title_bg_image_size":"","ocean_post_title_height":0,"ocean_post_title_bg_overlay":0.5,"ocean_post_title_bg_overlay_color":"","ocean_disable_breadcrumbs":"default","ocean_breadcrumbs_color":"","ocean_breadcrumbs_separator_color":"","ocean_breadcrumbs_links_color":"","ocean_breadcrumbs_links_hover_color":"","ocean_display_footer_widgets":"default","ocean_display_footer_bottom":"default","ocean_custom_footer_template":"0","jetpack_publicize_message":"","jetpack_publicize_feature_enabled":true,"jetpack_social_post_already_shared":false,"jetpack_social_options":{"image_generator_settings":{"template":"highway","default_image_id":0,"font":"","enabled":false},"version":2}},"product_brand":[],"product_cat":[166,105,150,114,133],"product_tag":[125,230,229],"class_list":{"0":"post-2380","1":"product","2":"type-product","3":"status-publish","4":"has-post-thumbnail","6":"product_cat-arrendamientos-urbanos","7":"product_cat-formularios","8":"product_cat-verbal","9":"product_cat-procesal-civil","10":"product_cat-arrendamientos","11":"product_tag-arrendamiento","12":"product_tag-juicio-verbal","13":"product_tag-reclamacion-de-rentas","15":"entry","16":"has-media","18":"first","19":"instock","20":"downloadable","21":"virtual","22":"taxable","23":"purchasable","24":"product-type-simple","25":"has-product-nav","26":"col","27":"span_1_of_3","28":"owp-content-center","29":"owp-thumbs-layout-horizontal","30":"owp-btn-normal","31":"owp-tabs-layout-horizontal","32":"has-no-thumbnails"},"aioseo_notices":[],"jetpack_publicize_connections":[],"jetpack_sharing_enabled":true,"jetpack_likes_enabled":false,"_links":{"self":[{"href":"https:\/\/formularios.abogado-zaragoza.com\/index.php?rest_route=\/wp\/v2\/product\/2380","targetHints":{"allow":["GET"]}}],"collection":[{"href":"https:\/\/formularios.abogado-zaragoza.com\/index.php?rest_route=\/wp\/v2\/product"}],"about":[{"href":"https:\/\/formularios.abogado-zaragoza.com\/index.php?rest_route=\/wp\/v2\/types\/product"}],"replies":[{"embeddable":true,"href":"https:\/\/formularios.abogado-zaragoza.com\/index.php?rest_route=%2Fwp%2Fv2%2Fcomments&post=2380"}],"wp:featuredmedia":[{"embeddable":true,"href":"https:\/\/formularios.abogado-zaragoza.com\/index.php?rest_route=\/wp\/v2\/media\/2382"}],"wp:attachment":[{"href":"https:\/\/formularios.abogado-zaragoza.com\/index.php?rest_route=%2Fwp%2Fv2%2Fmedia&parent=2380"}],"wp:term":[{"taxonomy":"product_brand","embeddable":true,"href":"https:\/\/formularios.abogado-zaragoza.com\/index.php?rest_route=%2Fwp%2Fv2%2Fproduct_brand&post=2380"},{"taxonomy":"product_cat","embeddable":true,"href":"https:\/\/formularios.abogado-zaragoza.com\/index.php?rest_route=%2Fwp%2Fv2%2Fproduct_cat&post=2380"},{"taxonomy":"product_tag","embeddable":true,"href":"https:\/\/formularios.abogado-zaragoza.com\/index.php?rest_route=%2Fwp%2Fv2%2Fproduct_tag&post=2380"}],"curies":[{"name":"wp","href":"https:\/\/api.w.org\/{rel}","templated":true}]}}